{"id":46,"date":"2013-01-23T20:36:09","date_gmt":"2013-01-23T19:36:09","guid":{"rendered":"http:\/\/cinezebra.com\/?page_id=46"},"modified":"2013-01-23T20:44:44","modified_gmt":"2013-01-23T19:44:44","slug":"production-company","status":"publish","type":"page","link":"https:\/\/cinezebra.com\/?page_id=46","title":{"rendered":"Production Company"},"content":{"rendered":"<p><!--[if gte mso 9]><xml>\n <o:DocumentProperties>\n  <o:Template>Normal<\/o:Template>\n  <o:Revision>0<\/o:Revision>\n  <o:TotalTime>0<\/o:TotalTime>\n  <o:Pages>1<\/o:Pages>\n  <o:Words>48<\/o:Words>\n  <o:Characters>278<\/o:Characters>\n  <o:Lines>2<\/o:Lines>\n  <o:Paragraphs>1<\/o:Paragraphs>\n  <o:CharactersWithSpaces>341<\/o:CharactersWithSpaces>\n  <o:Version>11.1282<\/o:Version>\n <\/o:DocumentProperties>\n <o:OfficeDocumentSettings>\n  <o:AllowPNG\/>\n <\/o:OfficeDocumentSettings>\n<\/xml><![endif]--><!--[if gte mso 9]><xml>\n <w:WordDocument>\n  <w:Zoom>0<\/w:Zoom>\n  <w:DoNotShowRevisions\/>\n  <w:DoNotPrintRevisions\/>\n  <w:HyphenationZone>21<\/w:HyphenationZone>\n  <w:DisplayHorizontalDrawingGridEvery>0<\/w:DisplayHorizontalDrawingGridEvery>\n  <w:DisplayVerticalDrawingGridEvery>0<\/w:DisplayVerticalDrawingGridEvery>\n  <w:UseMarginsForDrawingGridOrigin\/>\n <\/w:WordDocument>\n<\/xml><![endif]--> <!--StartFragment--><\/p>\n<p class=\"MsoNormal\"><span style=\"font-size: 13.0pt; font-family: nturyGothic; color: #585858; mso-ansi-language: X-NONE;\" lang=\"X-NONE\"><em>Raiz Produ\u00e7\u00f5es Cinematogr\u00e1ficas was founded in 1974 by the filmmaker Joao Batista de Andrade and the producer Assuncao Hernandes. Subsequently they have produced numerous feature films, as well as short films while collecting many Awards in Brasil and worldwide, working with established filmmakers as well as supporting younger talent.<\/em><\/span><\/p>\n<p><!--EndFragment--><\/p>\n","protected":false},"excerpt":{"rendered":"<p>Raiz Produ\u00e7\u00f5es Cinematogr\u00e1ficas was founded in 1974 by the filmmaker Joao Batista de Andrade and the producer Assuncao Hernandes. Subsequently they have produced numerous feature films, as well as short films while collecting many Awards in Brasil and worldwide, working &hellip; <a href=\"https:\/\/cinezebra.com\/?page_id=46\">Continue reading <span class=\"meta-nav\">&rarr;<\/span><\/a><\/p>\n","protected":false},"author":1,"featured_media":0,"parent":44,"menu_order":1,"comment_status":"closed","ping_status":"closed","template":"","meta":{"footnotes":""},"class_list":["post-46","page","type-page","status-publish","hentry"],"_links":{"self":[{"href":"https:\/\/cinezebra.com\/index.php?rest_route=\/wp\/v2\/pages\/46","targetHints":{"allow":["GET"]}}],"collection":[{"href":"https:\/\/cinezebra.com\/index.php?rest_route=\/wp\/v2\/pages"}],"about":[{"href":"https:\/\/cinezebra.com\/index.php?rest_route=\/wp\/v2\/types\/page"}],"author":[{"embeddable":true,"href":"https:\/\/cinezebra.com\/index.php?rest_route=\/wp\/v2\/users\/1"}],"replies":[{"embeddable":true,"href":"https:\/\/cinezebra.com\/index.php?rest_route=%2Fwp%2Fv2%2Fcomments&post=46"}],"version-history":[{"count":4,"href":"https:\/\/cinezebra.com\/index.php?rest_route=\/wp\/v2\/pages\/46\/revisions"}],"predecessor-version":[{"id":63,"href":"https:\/\/cinezebra.com\/index.php?rest_route=\/wp\/v2\/pages\/46\/revisions\/63"}],"up":[{"embeddable":true,"href":"https:\/\/cinezebra.com\/index.php?rest_route=\/wp\/v2\/pages\/44"}],"wp:attachment":[{"href":"https:\/\/cinezebra.com\/index.php?rest_route=%2Fwp%2Fv2%2Fmedia&parent=46"}],"curies":[{"name":"wp","href":"https:\/\/api.w.org\/{rel}","templated":true}]}}