{"id":347,"date":"2013-10-20T23:20:30","date_gmt":"2013-10-20T22:20:30","guid":{"rendered":"http:\/\/cinezebra.com\/?page_id=347"},"modified":"2025-11-22T17:58:04","modified_gmt":"2025-11-22T16:58:04","slug":"impressum","status":"publish","type":"page","link":"https:\/\/cinezebra.com\/?page_id=347","title":{"rendered":"impressum"},"content":{"rendered":"<h4><strong>Verantwortlich:<\/strong><\/h4>\n<h4><\/h4>\n<h4>Cinezebra GmbH &#8211; Peter Ketnath<\/h4>\n<h4>Landhausstrasse 262<\/h4>\n<h4>70188 Stuttgart<\/h4>\n<p><a href=\"mailto:info@cinezebra.com\">info@cinezebra.com<\/a><\/p>\n<p>Registereintrag: Handelsregister Stuttgart, Nr: HRB 746227<\/p>\n<p>Umsatzsteuer ID: 79405483124<\/p>\n<p>Aufsichtsbeh\u00f6rde: Finanzamt f\u00fcr K\u00f6rperschaften Stuttgart<\/p>\n<p><strong>Informationen zur Online-Streitbehebung<\/strong><\/p>\n<p>Die Online-Streitbeilegungsplattform (kurz \u201eOS-Plattform\u201c) als Anlaufstelle f\u00fcr Verbraucher und Unternehmer, welche aus online geschlossenen Rechtsgesch\u00e4ften erwachsene Streitigkeiten au\u00dfergerichtlich beilegen m\u00f6chten, ist unter dem folgendem Link erreichbar: <a href=\"http:\/\/ec.europa.eu\/consumers\/odr\" target=\"_blank\" rel=\"noopener\">http:\/\/ec.europa.eu\/consumers\/odr<\/a>.<\/p>\n<p><strong>Rechtliche Hinweise<\/strong><\/p>\n<p>Unsere Website ist Gegenstand der nachfolgenden Nutzungsbedingungen, die f\u00fcr die Benutzung der Website zwischen dem Nutzer und uns mit dem Aufruf dieser Website verbindlich vereinbart werden:<\/p>\n<p><strong>1. Inhalte und Links<\/strong><\/p>\n<p>Wir bem\u00fchen uns um Richtigkeit, Aktualit\u00e4t und Vollst\u00e4ndigkeit der Informationen und haben die Inhalte unserer Website sorgf\u00e4ltig erarbeitet und \u00fcberpr\u00fcfen diese kontinuierlich. Wir \u00fcbernehmen die Haftung f\u00fcr die Inhalte unserer Website gem\u00e4\u00df den gesetzlichen Bestimmungen. Eine Gew\u00e4hr f\u00fcr Richtigkeit und Vollst\u00e4ndigkeit der auf unserer Website befindlichen Informationen wird allerdings nicht \u00fcbernommen.<\/p>\n<p>Verweise und Links auf Websites Dritter bedeuten nicht, dass wir uns die hinter dem Verweis oder Link liegenden Inhalte zu Eigen machen. Wir haben keinen Einfluss auf die hinter dem Link liegenden Inhalte und daher keine Verantwortung f\u00fcr die dort vom Dritten bereitgehaltenen Daten und Informationen \u00fcbernehmen. F\u00fcr rechtswidrige, fehlerhafte oder unvollst\u00e4ndige Inhalte und f\u00fcr Sch\u00e4den, die aufgrund der Nutzung von einem hinter dem Link liegenden Inhalt verursacht worden sind, haften wir daher nicht.<\/p>\n<p>Es ist gestattet, einen Link auf unsere Website zu setzen, soweit er allein der Querreferenz dient. Wir behalten uns jedoch das Recht vor, die Gestattung jederzeit zu widerrufen. Das Framen dieser Website ist nicht gestattet.<\/p>\n<p><strong>2. Urheberrecht \/ Gewerbliche Schutzrechte<\/strong><\/p>\n<p>Unsere Website beinhaltet Daten und Informationen aller Art, die marken- und\/oder urheberrechtlich zu unseren Gunsten oder im Einzelfall auch zu Gunsten Dritter, insbesondere der Hersteller der angebotenen Waren, gesch\u00fctzt sind. Es ist daher nicht gestattet, unsere Website im Ganzen oder Teile davon herunterzuladen, zu vervielf\u00e4ltigen und zu verbreiten. Gestattet ist nur die \u00fcbliche Benutzung unserer Website, vor allem die technisch bedingte Vervielf\u00e4ltigung zum Zwecke des Browsing, soweit diese Handlung keinem \u00fcber den Wareneinkauf hinausgehendem wirtschaftlichen Zweck dient, sowie die dauerhafte Vervielf\u00e4ltigung f\u00fcr den eigenen Gebrauch.<\/p>\n<p><strong>3. Datenschutz<\/strong><\/p>\n<p>Pers\u00f6nliche Daten, die Sie uns \u00fcber diese Website zukommen lassen, etwa durch Objektanfragen oder Newsletterorder, werden selbstverst\u00e4ndlich vertraulich behandelt. Mit dem Absenden dieser Angaben erkl\u00e4ren Sie sich damit einverstanden, dass Ihre Daten zur Bearbeitung im Sinne des Bundesdatenschutzgesetzes und des Telemediengesetzes in unserer EDV erfasst werden.<\/p>\n<p>Im \u00fcbrigen verweisen wir auf die Datenschutzerkl\u00e4rung unserer Website, die unter der Rubrik <a href=\"https:\/\/www.mandoro.com\/datenschutzerklaerung\/\" target=\"_blank\" rel=\"noopener\">\u201eDatenschutzbelehrung\u201c <\/a>jederzeit abrufbar ist.<\/p>\n<p><strong>4. Haftungsausschluss<\/strong><\/p>\n<p>Die Nutzung des Internets erfolgt auf eigene Gefahr des Nutzers. Wir haften vor allem nicht f\u00fcr den technisch bedingten Ausfall des Internets bzw. des Zugangs zum Internet.<\/p>\n<p><strong>Alternative Streitbeilegung gem\u00e4\u00df Art. 14 Abs. 1 ODR-VO und \u00a7 36 VSBG:<\/strong><\/p>\n<p>Die Europ\u00e4ische Kommission stellt eine Plattform zur Online-Streitbeilegung (OS) bereit, die Sie unter <a href=\"https:\/\/ec.europa.eu\/consumers\/odr\" target=\"_blank\" rel=\"noopener\">https:\/\/ec.europa.eu\/consumers\/odr<\/a> finden. Zur Teilnahme an einem Streitbeilegungsverfahren vor einer Verbraucherschlichtungsstelle sind wir nicht verpflichtet und nicht bereit.<\/p>\n<p><span class=\"Apple-style-span\" style=\"font-size: 12px;\">\u00a0<\/span><\/p>\n","protected":false},"excerpt":{"rendered":"<p>Verantwortlich: Cinezebra GmbH &#8211; Peter Ketnath Landhausstrasse 262 70188 Stuttgart info@cinezebra.com Registereintrag: Handelsregister Stuttgart, Nr: HRB 746227 Umsatzsteuer ID: 79405483124 Aufsichtsbeh\u00f6rde: Finanzamt f\u00fcr K\u00f6rperschaften Stuttgart Informationen zur Online-Streitbehebung Die Online-Streitbeilegungsplattform (kurz \u201eOS-Plattform\u201c) als Anlaufstelle f\u00fcr Verbraucher und Unternehmer, welche aus &hellip; <a href=\"https:\/\/cinezebra.com\/?page_id=347\">Continue reading <span class=\"meta-nav\">&rarr;<\/span><\/a><\/p>\n","protected":false},"author":1,"featured_media":0,"parent":0,"menu_order":5,"comment_status":"closed","ping_status":"closed","template":"","meta":{"footnotes":""},"class_list":["post-347","page","type-page","status-publish","hentry"],"_links":{"self":[{"href":"https:\/\/cinezebra.com\/index.php?rest_route=\/wp\/v2\/pages\/347","targetHints":{"allow":["GET"]}}],"collection":[{"href":"https:\/\/cinezebra.com\/index.php?rest_route=\/wp\/v2\/pages"}],"about":[{"href":"https:\/\/cinezebra.com\/index.php?rest_route=\/wp\/v2\/types\/page"}],"author":[{"embeddable":true,"href":"https:\/\/cinezebra.com\/index.php?rest_route=\/wp\/v2\/users\/1"}],"replies":[{"embeddable":true,"href":"https:\/\/cinezebra.com\/index.php?rest_route=%2Fwp%2Fv2%2Fcomments&post=347"}],"version-history":[{"count":12,"href":"https:\/\/cinezebra.com\/index.php?rest_route=\/wp\/v2\/pages\/347\/revisions"}],"predecessor-version":[{"id":1563,"href":"https:\/\/cinezebra.com\/index.php?rest_route=\/wp\/v2\/pages\/347\/revisions\/1563"}],"wp:attachment":[{"href":"https:\/\/cinezebra.com\/index.php?rest_route=%2Fwp%2Fv2%2Fmedia&parent=347"}],"curies":[{"name":"wp","href":"https:\/\/api.w.org\/{rel}","templated":true}]}}