{"id":291,"date":"2013-03-25T19:40:56","date_gmt":"2013-03-25T18:40:56","guid":{"rendered":"http:\/\/cinezebra.com\/?page_id=291"},"modified":"2013-03-25T19:41:21","modified_gmt":"2013-03-25T18:41:21","slug":"o-filme","status":"publish","type":"page","link":"https:\/\/cinezebra.com\/?page_id=291","title":{"rendered":"O filme"},"content":{"rendered":"<p><!--[if gte mso 9]><xml>\n <o:DocumentProperties>\n  <o:Template>Normal<\/o:Template>\n  <o:Revision>0<\/o:Revision>\n  <o:TotalTime>0<\/o:TotalTime>\n  <o:Pages>1<\/o:Pages>\n  <o:Words>83<\/o:Words>\n  <o:Characters>475<\/o:Characters>\n  <o:Lines>3<\/o:Lines>\n  <o:Paragraphs>1<\/o:Paragraphs>\n  <o:CharactersWithSpaces>583<\/o:CharactersWithSpaces>\n  <o:Version>11.1282<\/o:Version>\n <\/o:DocumentProperties>\n <o:OfficeDocumentSettings>\n  <o:AllowPNG\/>\n <\/o:OfficeDocumentSettings>\n<\/xml><![endif]--><!--[if gte mso 9]><xml>\n <w:WordDocument>\n  <w:Zoom>0<\/w:Zoom>\n  <w:DoNotShowRevisions\/>\n  <w:DoNotPrintRevisions\/>\n  <w:HyphenationZone>21<\/w:HyphenationZone>\n  <w:DisplayHorizontalDrawingGridEvery>0<\/w:DisplayHorizontalDrawingGridEvery>\n  <w:DisplayVerticalDrawingGridEvery>0<\/w:DisplayVerticalDrawingGridEvery>\n  <w:UseMarginsForDrawingGridOrigin\/>\n <\/w:WordDocument>\n<\/xml><![endif]--> <!--StartFragment--><\/p>\n<div style=\"border: none; border-bottom: solid windowtext 1.5pt; padding: 0cm 0cm 3.0pt 0cm;\">\n<p class=\"MsoNormal\" style=\"border: none; mso-border-bottom-alt: solid windowtext 1.5pt; padding: 0cm; mso-padding-alt: 0cm 0cm 3.0pt 0cm;\"><span style=\"font-size: 11.0pt; font-family: Tahoma;\" lang=\"PT\"><strong>SINOPSE<\/strong><\/span><\/p>\n<\/div>\n<p class=\"MsoNormal\" style=\"text-align: justify;\"><span style=\"font-size: 11.0pt; font-family: Tahoma; text-transform: uppercase;\" lang=\"PT\"><strong><!--[if !supportEmptyParas]-->\u00a0<!--[endif]--><\/strong><\/span><\/p>\n<p class=\"MsoFooter\" style=\"margin-right: 18.0pt; text-align: justify;\"><span style=\"font-size: 11.0pt; font-family: Tahoma;\" lang=\"PT\">Rio 1962. \u00c9 o auge dos anos dourados com \u201cBacanas\u201d e \u201cp\u00e9s-de-chinelo\u201d; sofistica\u00e7\u00e3o e decad\u00eancia; m\u00fasica moderna e crimes passionais. Um jovem fot\u00f3grafo da \u201cimprensa marrom\u201d far\u00e1 o que for preciso para vencer \u2013 at\u00e9 mesmo, proteger um \u201cserial killer\u201d.<\/span><\/p>\n<div style=\"border: none; border-bottom: solid windowtext 1.5pt; padding: 0cm 0cm 3.0pt 0cm;\">\n<p class=\"MsoNormal\" style=\"border: none; mso-border-bottom-alt: solid windowtext 1.5pt; padding: 0cm; mso-padding-alt: 0cm 0cm 3.0pt 0cm;\">\n<p><!--[if gte mso 9]><xml>\n <o:DocumentProperties>\n  <o:Template>Normal<\/o:Template>\n  <o:Revision>0<\/o:Revision>\n  <o:TotalTime>0<\/o:TotalTime>\n  <o:Pages>1<\/o:Pages>\n  <o:Words>450<\/o:Words>\n  <o:Characters>2565<\/o:Characters>\n  <o:Lines>21<\/o:Lines>\n  <o:Paragraphs>5<\/o:Paragraphs>\n  <o:CharactersWithSpaces>3150<\/o:CharactersWithSpaces>\n  <o:Version>11.1282<\/o:Version>\n <\/o:DocumentProperties>\n <o:OfficeDocumentSettings>\n  <o:AllowPNG\/>\n <\/o:OfficeDocumentSettings>\n<\/xml><![endif]--><!--[if gte mso 9]><xml>\n <w:WordDocument>\n  <w:Zoom>0<\/w:Zoom>\n  <w:DoNotShowRevisions\/>\n  <w:DoNotPrintRevisions\/>\n  <w:HyphenationZone>21<\/w:HyphenationZone>\n  <w:DisplayHorizontalDrawingGridEvery>0<\/w:DisplayHorizontalDrawingGridEvery>\n  <w:DisplayVerticalDrawingGridEvery>0<\/w:DisplayVerticalDrawingGridEvery>\n  <w:UseMarginsForDrawingGridOrigin\/>\n <\/w:WordDocument>\n<\/xml><![endif]--> <!--StartFragment--><\/p>\n<p class=\"MsoNormal\" style=\"text-align: justify;\"><span style=\"font-size: 11.0pt; font-family: Tahoma; mso-ansi-language: EN-US;\" lang=\"EN-US\">O ano \u00e9 1962. O Rio de Janeiro \u00e9 a \u201ccidade maravilhosa\u201d, onde \u201cbacanas\u201d e \u201cp\u00e9s-de-chinelo\u201d circulam entre o glamour do luxo e a boemia do lixo. Eleg\u00e2ncia e decad\u00eancia. M\u00fasica pop embala crimes passionais<em>. <\/em><\/span><span style=\"font-size: 11.0pt; font-family: Tahoma; mso-ansi-language: EN-US;\" lang=\"EN-US\">Seguimos a trajet\u00f3ria de um jovem fot\u00f3grafo da \u201cimprensa marrom\u201d que far\u00e1 qualquer coisa para conquistar seus planos &#8211;\u00a0 at\u00e9 mesmo proteger um \u2018serial killer\u2019.<\/span><\/p>\n<p class=\"MsoNormal\" style=\"margin-bottom: 12.0pt; text-align: justify; mso-pagination: none; mso-layout-grid-align: none; text-autospace: none;\"><span style=\"font-size: 11.0pt; font-family: Tahoma; mso-ansi-language: EN-US;\" lang=\"EN-US\">A proposta \u00e9 recriar o fasc\u00ednio do Rio de Janeiro no in\u00edcio dos anos 60, exatamente como \u00e9 universalmente imaginado atualmente. \u00c9 onde \u201cBreathless\u201d encontra \u201cKill Bill\u201destilizado. Ou, \u201cLa Dolce Vita\u201dencontra \u201cBob Le Flambeur\u201d. O Rio, em 1962, tem <em>papparazzi <\/em><\/span><span style=\"font-size: 11.0pt; font-family: Tahoma; mso-ansi-language: EN-US;\" lang=\"EN-US\">e policiais, cabeludos e o som da jovem guarda, cool jazz e rhytm &amp; blues; Vespas, Fuscas e Simca Chamboards; becos e boates; mulheres glamurosas e homens poderosos; mudan\u00e7as de padr\u00f5es e gente em transforma\u00e7\u00e3o. \u00c9 o momento em que o imposs\u00edvel parece poss\u00edvel.<\/span><\/p>\n<p class=\"MsoNormal\" style=\"margin-bottom: 12.0pt; text-align: justify; mso-pagination: none; mso-layout-grid-align: none; text-autospace: none;\"><span style=\"font-size: 11.0pt; font-family: Tahoma; mso-ansi-language: EN-US;\" lang=\"EN-US\">Os 3 personagens principais s\u00e3o: Beto, um jovem de origem humilde que aspira ser o fot\u00f3grafo do maior jornal da cidade; S\u00e9rgio, um exc\u00eantrico <em>bon vivant<\/em><\/span><span style=\"font-size: 11.0pt; font-family: Tahoma; mso-ansi-language: EN-US;\" lang=\"EN-US\"> que \u00e9 a ovelha negra de uma poderosa fam\u00edlia da sociedade carioca; e Tere, uma garota esperta, de boa fam\u00edlia, que est\u00e1 em busca de uma nova aventura.<\/span><\/p>\n<p class=\"MsoNormal\" style=\"margin-bottom: 12.0pt; text-align: justify; mso-pagination: none; mso-layout-grid-align: none; text-autospace: none;\"><span style=\"font-size: 11.0pt; font-family: Tahoma; mso-ansi-language: EN-US;\" lang=\"EN-US\"><strong><em>Rio Flash\u201962<\/em><\/strong><\/span><span style=\"font-size: 11.0pt; font-family: Tahoma; mso-ansi-language: EN-US;\" lang=\"EN-US\"> \u00e9 habitado por ca\u00e7a-dotes mal-informados, vizinhos bisbilhoteiros, crooners, estrelas em ascens\u00e3o, \u201cbrotos\u201d e \u201cmadames\u201d do <em>jet set<\/em><\/span><span style=\"font-size: 11.0pt; font-family: Tahoma; mso-ansi-language: EN-US;\" lang=\"EN-US\">, um badalado colunista social, <em>papparazi<\/em><\/span><span style=\"font-size: 11.0pt; font-family: Tahoma; mso-ansi-language: EN-US;\" lang=\"EN-US\"> agressivos, um detetive engan\u00e1vel, um <em>playboy <\/em><\/span><span style=\"font-size: 11.0pt; font-family: Tahoma; mso-ansi-language: EN-US;\" lang=\"EN-US\">de <em>sex appeal<\/em><\/span><span style=\"font-size: 11.0pt; font-family: Tahoma; mso-ansi-language: EN-US;\" lang=\"EN-US\"> duvidoso, um General ambicioso, um assassino s\u00f3rdido, um costureiro transformado em designer, malandros de plant\u00e3o e um aspirante a fot\u00f3grafo ing\u00eanuo e sua agenda fatal.<\/span><\/p>\n<p class=\"MsoNormal\" style=\"margin-bottom: 12.0pt; text-align: justify; mso-pagination: none; mso-layout-grid-align: none; text-autospace: none;\"><span style=\"font-size: 11.0pt; font-family: Tahoma; mso-ansi-language: EN-US;\" lang=\"EN-US\">Rodado em apartamentos, restaurantes e casas noturnas (com tomadas predominantemente noturnas), <strong><em>Rio<\/em><\/strong><\/span><span style=\"font-size: 11.0pt; font-family: Tahoma; mso-ansi-language: EN-US;\" lang=\"EN-US\"><strong> <em>Flash\u2019 62<\/em><\/strong><\/span><span style=\"font-size: 11.0pt; font-family: Tahoma; mso-ansi-language: EN-US;\" lang=\"EN-US\">foi criado para ser produzido com or\u00e7amento relativamente baixo. O estilo contrap\u00f5e imagens de arquivo da \u00e9poca e loca\u00e7\u00f5es t\u00edpicas sob a \u00f3ptica contempor\u00e2nea. Cortes em r\u00edtmo do jazz e m\u00fasica pop, vistos atrav\u00e9s da paleta de cores Kodachrome. Scanned stills. A luz \u00e9 seletiva e subjetiva. \u00c2ngulos subjetivos. Todos os recursos previstos pelo or\u00e7amento, s\u00e3o utilizados com criatividade para conferir movimento, r\u00edtmo e emo\u00e7\u00e3o.<\/span><\/p>\n<p class=\"MsoNormal\" style=\"margin-bottom: 12.0pt; text-align: justify; mso-pagination: none; mso-layout-grid-align: none; text-autospace: none;\"><span style=\"font-size: 11.0pt; font-family: Tahoma; mso-ansi-language: EN-US;\" lang=\"EN-US\">A est\u00f3ria tem reviravoltas intrigantes, personagens curiosos, confrontos dram\u00e1ticos, m\u00fasica de qualidade singular e linguagem visual diferenciada, constru\u00edda para conduzir o p\u00fablico (nacional e internacional) atrav\u00e9s de um passado de perspectiva universal.<\/span><\/p>\n<p class=\"MsoNormal\" style=\"margin-bottom: 12.0pt; text-align: justify; mso-pagination: none; mso-layout-grid-align: none; text-autospace: none;\"><span style=\"font-size: 11.0pt; font-family: Tahoma; mso-ansi-language: EN-US;\" lang=\"EN-US\">O filme ser\u00e1 estrelado pelo germano-brasileiro, Peter Ketnath, no papel de S\u00e9rgio. Dois outros personagens ( jovens, pouco mais de 20 anos) ser\u00e3o interpretados por atores rec\u00e9m revelados pelo cinema brasileiro. O diretor \u00e9 experiente para conduzir um elenco deste porte.<\/span><\/p>\n<p class=\"MsoNormal\" style=\"margin-bottom: 12.0pt; text-align: justify; mso-pagination: none; mso-layout-grid-align: none; text-autospace: none;\"><span style=\"font-size: 11.0pt; font-family: Tahoma; mso-ansi-language: EN-US;\" lang=\"EN-US\">O filme prop\u00f5e uma combina\u00e7\u00e3o instigante de mist\u00e9rio, thriller e romance num cen\u00e1rio de beleza cl\u00e1ssica, vibrante e sensual que \u00e9 o Rio de Janeiro de meio s\u00e9culo atr\u00e1s; ainda pouco visitado para um tema de interesse universal. Ser\u00e1 uma produ\u00e7\u00e3o brasileira, filmada em ingl\u00eas. Com est\u00f3ria aut\u00eantica, elenco atraente e diretor experiente, <strong><em>Rio Flash\u201962<\/em><\/strong><\/span><span style=\"font-size: 11.0pt; font-family: Tahoma; mso-ansi-language: EN-US;\" lang=\"EN-US\"> tem potencial ilimitado para atingir o p\u00fablico nacional e internacional.<\/span><\/p>\n<p><!--EndFragment--><\/p>\n<p class=\"MsoNormal\" style=\"border: none; mso-border-bottom-alt: solid windowtext 1.5pt; padding: 0cm; mso-padding-alt: 0cm 0cm 3.0pt 0cm;\"><span style=\"font-size: 11.0pt; font-family: Tahoma;\" lang=\"PT\"><strong><!--[if !supportEmptyParas]-->\u00a0<!--[endif]--><\/strong><\/span><\/p>\n<p class=\"MsoNormal\" style=\"border: none; mso-border-bottom-alt: solid windowtext 1.5pt; padding: 0cm; mso-padding-alt: 0cm 0cm 3.0pt 0cm;\"><span style=\"font-size: 11.0pt; font-family: Tahoma;\" lang=\"PT\"><strong>FICHA T\u00c9CNICA<\/strong><\/span><\/p>\n<\/div>\n<div style=\"border: none; border-bottom: solid windowtext 1.5pt; padding: 0cm 0cm 1.0pt 0cm;\">\n<p class=\"MsoNormal\" style=\"text-align: justify; line-height: 150%; border: none; mso-border-bottom-alt: solid windowtext 1.5pt; padding: 0cm; mso-padding-alt: 0cm 0cm 1.0pt 0cm;\"><span style=\"font-size: 11.0pt; font-family: Tahoma; text-transform: uppercase;\" lang=\"PT\"><strong><!--[if !supportEmptyParas]-->\u00a0<!--[endif]--><\/strong><\/span><\/p>\n<p class=\"MsoNormal\" style=\"text-align: justify; line-height: 150%; tab-stops: 184.3pt; border: none; mso-border-bottom-alt: solid windowtext 1.5pt; padding: 0cm; mso-padding-alt: 0cm 0cm 1.0pt 0cm;\"><span style=\"font-size: 11.0pt; font-family: Tahoma; text-transform: uppercase;\" lang=\"PT\">R<\/span><span style=\"font-size: 11.0pt; font-family: Tahoma;\" lang=\"PT\">oteiro<span style=\"mso-tab-count: 1;\">\u00a0\u00a0\u00a0\u00a0\u00a0\u00a0\u00a0\u00a0\u00a0\u00a0\u00a0\u00a0\u00a0\u00a0\u00a0\u00a0\u00a0\u00a0\u00a0\u00a0\u00a0\u00a0\u00a0\u00a0\u00a0\u00a0\u00a0\u00a0\u00a0\u00a0\u00a0\u00a0\u00a0\u00a0\u00a0\u00a0\u00a0\u00a0\u00a0\u00a0\u00a0\u00a0\u00a0\u00a0\u00a0\u00a0\u00a0\u00a0 <\/span>Andrew Deutsch<\/span><\/p>\n<p class=\"MsoNormal\" style=\"text-align: justify; line-height: 150%; tab-stops: 184.3pt; border: none; mso-border-bottom-alt: solid windowtext 1.5pt; padding: 0cm; mso-padding-alt: 0cm 0cm 1.0pt 0cm;\"><span style=\"font-size: 11.0pt; font-family: Tahoma; text-transform: uppercase;\" lang=\"PT\">D<\/span><span style=\"font-size: 11.0pt; font-family: Tahoma;\" lang=\"PT\">ire\u00e7\u00e3o<span style=\"mso-tab-count: 1;\">\u00a0\u00a0\u00a0\u00a0\u00a0\u00a0\u00a0\u00a0\u00a0\u00a0\u00a0\u00a0\u00a0\u00a0\u00a0\u00a0\u00a0\u00a0\u00a0\u00a0\u00a0\u00a0\u00a0\u00a0\u00a0\u00a0\u00a0\u00a0\u00a0\u00a0\u00a0\u00a0\u00a0\u00a0\u00a0\u00a0\u00a0\u00a0\u00a0\u00a0\u00a0\u00a0\u00a0\u00a0\u00a0\u00a0\u00a0\u00a0 <\/span>A ser definido<\/span><\/p>\n<p class=\"MsoNormal\" style=\"text-align: justify; line-height: 150%; tab-stops: 184.3pt; border: none; mso-border-bottom-alt: solid windowtext 1.5pt; padding: 0cm; mso-padding-alt: 0cm 0cm 1.0pt 0cm;\"><span style=\"font-size: 11.0pt; font-family: Tahoma;\" lang=\"PT\">Formato copias pel\u00edcula<span style=\"mso-tab-count: 1;\">\u00a0\u00a0\u00a0\u00a0\u00a0\u00a0\u00a0\u00a0\u00a0\u00a0\u00a0\u00a0\u00a0\u00a0\u00a0\u00a0\u00a0\u00a0\u00a0\u00a0\u00a0\u00a0 <\/span>35mm \/ Cor \/ Dolby Digital<\/span><\/p>\n<p class=\"MsoNormal\" style=\"text-align: justify; line-height: 150%; tab-stops: 184.3pt; border: none; mso-border-bottom-alt: solid windowtext 1.5pt; padding: 0cm; mso-padding-alt: 0cm 0cm 1.0pt 0cm;\"><span style=\"font-size: 11.0pt; font-family: Tahoma;\" lang=\"PT\">Formato Masters Digitais<span style=\"mso-tab-count: 1;\">\u00a0\u00a0\u00a0\u00a0\u00a0\u00a0\u00a0\u00a0\u00a0\u00a0\u00a0\u00a0\u00a0\u00a0\u00a0\u00a0\u00a0\u00a0\u00a0\u00a0 <\/span>Full HD e 2K \/ Cor \/ Dolby Digital<\/span><\/p>\n<p class=\"MsoNormal\" style=\"text-align: justify; line-height: 150%; tab-stops: 184.3pt; border: none; mso-border-bottom-alt: solid windowtext 1.5pt; padding: 0cm; mso-padding-alt: 0cm 0cm 1.0pt 0cm;\"><span style=\"font-size: 11.0pt; font-family: Tahoma;\" lang=\"PT\">Dura\u00e7\u00e3o<span style=\"mso-tab-count: 1;\">\u00a0\u00a0\u00a0\u00a0\u00a0\u00a0\u00a0\u00a0\u00a0\u00a0\u00a0\u00a0\u00a0\u00a0\u00a0\u00a0\u00a0\u00a0\u00a0\u00a0\u00a0\u00a0\u00a0\u00a0\u00a0\u00a0\u00a0\u00a0\u00a0\u00a0\u00a0\u00a0\u00a0\u00a0\u00a0\u00a0\u00a0\u00a0\u00a0\u00a0\u00a0\u00a0\u00a0\u00a0\u00a0\u00a0\u00a0 <\/span>Aproximadamente 120 min.<\/span><\/p>\n<p class=\"MsoNormal\" style=\"text-align: justify; line-height: 150%; tab-stops: 184.3pt; border: none; mso-border-bottom-alt: solid windowtext 1.5pt; padding: 0cm; mso-padding-alt: 0cm 0cm 1.0pt 0cm;\"><span style=\"font-size: 11.0pt; font-family: Tahoma; text-transform: uppercase;\" lang=\"PT\">G<\/span><span style=\"font-size: 11.0pt; font-family: Tahoma;\" lang=\"PT\">\u00eanero<span style=\"mso-tab-count: 1;\">\u00a0\u00a0\u00a0\u00a0\u00a0\u00a0\u00a0\u00a0\u00a0\u00a0\u00a0\u00a0\u00a0\u00a0\u00a0\u00a0\u00a0\u00a0\u00a0\u00a0\u00a0\u00a0\u00a0\u00a0\u00a0\u00a0\u00a0\u00a0\u00a0\u00a0\u00a0\u00a0\u00a0\u00a0\u00a0\u00a0\u00a0\u00a0\u00a0\u00a0\u00a0\u00a0\u00a0\u00a0\u00a0\u00a0\u00a0\u00a0\u00a0 <\/span><\/span><span style=\"font-family: Tahoma; mso-ansi-language: EN-US;\" lang=\"EN-US\">thriller<\/span><\/p>\n<p class=\"MsoNormal\" style=\"text-align: justify; line-height: 150%; tab-stops: 184.3pt; border: none; mso-border-bottom-alt: solid windowtext 1.5pt; padding: 0cm; mso-padding-alt: 0cm 0cm 1.0pt 0cm;\"><span style=\"font-size: 11.0pt; font-family: Tahoma; text-transform: uppercase;\" lang=\"PT\">L<\/span><span style=\"font-size: 11.0pt; font-family: Tahoma;\" lang=\"PT\">\u00edngua<span style=\"mso-tab-count: 1;\">\u00a0\u00a0\u00a0\u00a0\u00a0\u00a0\u00a0\u00a0\u00a0\u00a0\u00a0\u00a0\u00a0\u00a0\u00a0\u00a0\u00a0\u00a0\u00a0\u00a0\u00a0\u00a0\u00a0\u00a0\u00a0\u00a0\u00a0\u00a0\u00a0\u00a0\u00a0\u00a0\u00a0\u00a0\u00a0\u00a0\u00a0\u00a0\u00a0\u00a0\u00a0\u00a0\u00a0\u00a0\u00a0\u00a0\u00a0\u00a0\u00a0\u00a0 <\/span>Portugu\u00eas (vers\u00e3o Brasileira) e Ingl\u00eas (vers\u00e3o Internacional)<\/span><\/p>\n<p class=\"MsoNormal\" style=\"text-align: justify; line-height: 150%; tab-stops: 8.0cm; border: none; mso-border-bottom-alt: solid windowtext 1.5pt; padding: 0cm; mso-padding-alt: 0cm 0cm 1.0pt 0cm;\"><span style=\"font-size: 11.0pt; font-family: Tahoma; text-transform: uppercase;\" lang=\"PT\"><!--[if !supportEmptyParas]-->\u00a0<!--[endif]--><\/span><\/p>\n<\/div>\n<p><!--EndFragment--><\/p>\n","protected":false},"excerpt":{"rendered":"<p>SINOPSE \u00a0 Rio 1962. \u00c9 o auge dos anos dourados com \u201cBacanas\u201d e \u201cp\u00e9s-de-chinelo\u201d; sofistica\u00e7\u00e3o e decad\u00eancia; m\u00fasica moderna e crimes passionais. Um jovem fot\u00f3grafo da \u201cimprensa marrom\u201d far\u00e1 o que for preciso para vencer \u2013 at\u00e9 mesmo, proteger um &hellip; <a href=\"https:\/\/cinezebra.com\/?page_id=291\">Continue reading <span class=\"meta-nav\">&rarr;<\/span><\/a><\/p>\n","protected":false},"author":1,"featured_media":0,"parent":276,"menu_order":0,"comment_status":"closed","ping_status":"closed","template":"","meta":{"footnotes":""},"class_list":["post-291","page","type-page","status-publish","hentry"],"_links":{"self":[{"href":"https:\/\/cinezebra.com\/index.php?rest_route=\/wp\/v2\/pages\/291","targetHints":{"allow":["GET"]}}],"collection":[{"href":"https:\/\/cinezebra.com\/index.php?rest_route=\/wp\/v2\/pages"}],"about":[{"href":"https:\/\/cinezebra.com\/index.php?rest_route=\/wp\/v2\/types\/page"}],"author":[{"embeddable":true,"href":"https:\/\/cinezebra.com\/index.php?rest_route=\/wp\/v2\/users\/1"}],"replies":[{"embeddable":true,"href":"https:\/\/cinezebra.com\/index.php?rest_route=%2Fwp%2Fv2%2Fcomments&post=291"}],"version-history":[{"count":2,"href":"https:\/\/cinezebra.com\/index.php?rest_route=\/wp\/v2\/pages\/291\/revisions"}],"predecessor-version":[{"id":293,"href":"https:\/\/cinezebra.com\/index.php?rest_route=\/wp\/v2\/pages\/291\/revisions\/293"}],"up":[{"embeddable":true,"href":"https:\/\/cinezebra.com\/index.php?rest_route=\/wp\/v2\/pages\/276"}],"wp:attachment":[{"href":"https:\/\/cinezebra.com\/index.php?rest_route=%2Fwp%2Fv2%2Fmedia&parent=291"}],"curies":[{"name":"wp","href":"https:\/\/api.w.org\/{rel}","templated":true}]}}