{"id":1548,"date":"2025-11-22T09:36:32","date_gmt":"2025-11-22T08:36:32","guid":{"rendered":"https:\/\/cinezebra.com\/?page_id=1548"},"modified":"2025-12-07T12:48:40","modified_gmt":"2025-12-07T11:48:40","slug":"projects-2","status":"publish","type":"page","link":"https:\/\/cinezebra.com\/?page_id=1548","title":{"rendered":"projects"},"content":{"rendered":"\n<ul class=\"wp-block-list\">\n<li>in the slider to the left you find our current productions.<\/li>\n\n\n\n<li>Unsere Projekte sind auf Anfrage auch auf DEUTSCH verf\u00fcgbar.<\/li>\n\n\n\n<li>Nossos projetos est\u00e3o dispon\u00edveis em PORTUGUES mediante solicita\u00e7\u00e3o.<\/li>\n<\/ul>\n\n\n\n<pre class=\"wp-block-code\"><code>email: info@cinezebra.com<\/code><\/pre>\n\n\n\n<p><\/p>\n","protected":false},"excerpt":{"rendered":"","protected":false},"author":1,"featured_media":0,"parent":0,"menu_order":0,"comment_status":"closed","ping_status":"closed","template":"","meta":{"footnotes":""},"class_list":["post-1548","page","type-page","status-publish","hentry"],"_links":{"self":[{"href":"https:\/\/cinezebra.com\/index.php?rest_route=\/wp\/v2\/pages\/1548","targetHints":{"allow":["GET"]}}],"collection":[{"href":"https:\/\/cinezebra.com\/index.php?rest_route=\/wp\/v2\/pages"}],"about":[{"href":"https:\/\/cinezebra.com\/index.php?rest_route=\/wp\/v2\/types\/page"}],"author":[{"embeddable":true,"href":"https:\/\/cinezebra.com\/index.php?rest_route=\/wp\/v2\/users\/1"}],"replies":[{"embeddable":true,"href":"https:\/\/cinezebra.com\/index.php?rest_route=%2Fwp%2Fv2%2Fcomments&post=1548"}],"version-history":[{"count":3,"href":"https:\/\/cinezebra.com\/index.php?rest_route=\/wp\/v2\/pages\/1548\/revisions"}],"predecessor-version":[{"id":1605,"href":"https:\/\/cinezebra.com\/index.php?rest_route=\/wp\/v2\/pages\/1548\/revisions\/1605"}],"wp:attachment":[{"href":"https:\/\/cinezebra.com\/index.php?rest_route=%2Fwp%2Fv2%2Fmedia&parent=1548"}],"curies":[{"name":"wp","href":"https:\/\/api.w.org\/{rel}","templated":true}]}}